{"id":94,"date":"2021-07-18T08:40:27","date_gmt":"2021-07-18T08:40:27","guid":{"rendered":"https:\/\/demo.athemes.com\/botiga\/?post_type=product&#038;p=94"},"modified":"2025-06-02T23:20:19","modified_gmt":"2025-06-02T23:20:19","slug":"terminal-luva-ta601","status":"publish","type":"product","link":"https:\/\/agriomac.com.br\/loja\/produto\/terminal-luva-ta601\/","title":{"rendered":"TERMINAL LUVA TA601"},"content":{"rendered":"<p data-start=\"3015\" data-end=\"3225\">O Terminal TA601 do tipo luva \u00e9 projetado para suportar esfor\u00e7os em transmiss\u00f5es rotativas agr\u00edcolas. Seu design permite f\u00e1cil substitui\u00e7\u00e3o e acoplamento eficiente com eixos ou hastes.<\/p>\n<p data-start=\"3227\" data-end=\"3256\"><strong data-start=\"3227\" data-end=\"3256\">Caracter\u00edsticas t\u00e9cnicas:<\/strong><\/p>\n<ul data-start=\"3258\" data-end=\"3452\">\n<li data-start=\"3258\" data-end=\"3285\">\n<p data-start=\"3260\" data-end=\"3285\"><strong data-start=\"3260\" data-end=\"3269\">Tipo:<\/strong> Terminal luva<\/p>\n<\/li>\n<li data-start=\"3286\" data-end=\"3307\">\n<p data-start=\"3288\" data-end=\"3307\"><strong data-start=\"3288\" data-end=\"3299\">C\u00f3digo:<\/strong> TA601<\/p>\n<\/li>\n<li data-start=\"3308\" data-end=\"3337\">\n<p data-start=\"3310\" data-end=\"3337\"><strong data-start=\"3310\" data-end=\"3323\">Material:<\/strong> A\u00e7o forjado<\/p>\n<\/li>\n<li data-start=\"3338\" data-end=\"3379\">\n<p data-start=\"3340\" data-end=\"3379\"><strong data-start=\"3340\" data-end=\"3355\">Acabamento:<\/strong> Pintura eletrost\u00e1tica<\/p>\n<\/li>\n<li data-start=\"3380\" data-end=\"3452\">\n<p data-start=\"3382\" data-end=\"3452\"><strong data-start=\"3382\" data-end=\"3397\">Aplica\u00e7\u00f5es:<\/strong> Equipamentos agr\u00edcolas, acoplamento de eixos, tratores<\/p>\n<\/li>\n<\/ul>\n","protected":false},"excerpt":{"rendered":"<p data-start=\"2894\" data-end=\"3013\">Terminal luva TA601 \u2013 Encaixe confi\u00e1vel para transmiss\u00f5es agr\u00edcolas, com excelente durabilidade.<\/p>\n<p data-start=\"3015\" data-end=\"3225\">\n","protected":false},"featured_media":1697,"comment_status":"open","ping_status":"closed","template":"","meta":{"_price":"60","_stock":"4","_tribe_ticket_header":"","_tribe_default_ticket_provider":"","_tribe_ticket_capacity":"0","_ticket_start_date":"","_ticket_end_date":"","_tribe_ticket_show_description":"","_tribe_ticket_show_not_going":false,"_tribe_ticket_use_global_stock":"","_tribe_ticket_global_stock_level":"","_global_stock_mode":"","_global_stock_cap":"","_tribe_rsvp_for_event":"","_tribe_ticket_going_count":"","_tribe_ticket_not_going_count":"","_tribe_tickets_list":"[]","_tribe_ticket_has_attendee_info_fields":false,"_EventAllDay":false,"_EventTimezone":"","_EventStartDate":"","_EventEndDate":"","_EventStartDateUTC":"","_EventEndDateUTC":"","_EventShowMap":false,"_EventShowMapLink":false,"_EventURL":"","_EventCost":"","_EventCostDescription":"","_EventCurrencySymbol":"","_EventCurrencyCode":"","_EventCurrencyPosition":"","_EventDateTimeSeparator":"","_EventTimeRangeSeparator":"","_EventOrganizerID":[],"_EventVenueID":[],"_OrganizerEmail":"","_OrganizerPhone":"","_OrganizerWebsite":"","_VenueAddress":"","_VenueCity":"","_VenueCountry":"","_VenueProvince":"","_VenueState":"","_VenueZip":"","_VenuePhone":"","_VenueURL":"","_VenueStateProvince":"","_VenueLat":"","_VenueLng":"","_VenueShowMap":false,"_VenueShowMapLink":false},"product_brand":[],"product_cat":[44],"product_tag":[],"class_list":{"0":"post-94","1":"product","2":"type-product","3":"status-publish","4":"has-post-thumbnail","6":"product_cat-pecasimplementosagricolas","8":"first","9":"instock","10":"shipping-taxable","11":"purchasable","12":"product-type-simple"},"jetpack_sharing_enabled":true,"_links":{"self":[{"href":"https:\/\/agriomac.com.br\/loja\/wp-json\/wp\/v2\/product\/94","targetHints":{"allow":["GET"]}}],"collection":[{"href":"https:\/\/agriomac.com.br\/loja\/wp-json\/wp\/v2\/product"}],"about":[{"href":"https:\/\/agriomac.com.br\/loja\/wp-json\/wp\/v2\/types\/product"}],"replies":[{"embeddable":true,"href":"https:\/\/agriomac.com.br\/loja\/wp-json\/wp\/v2\/comments?post=94"}],"version-history":[{"count":3,"href":"https:\/\/agriomac.com.br\/loja\/wp-json\/wp\/v2\/product\/94\/revisions"}],"predecessor-version":[{"id":1702,"href":"https:\/\/agriomac.com.br\/loja\/wp-json\/wp\/v2\/product\/94\/revisions\/1702"}],"wp:featuredmedia":[{"embeddable":true,"href":"https:\/\/agriomac.com.br\/loja\/wp-json\/wp\/v2\/media\/1697"}],"wp:attachment":[{"href":"https:\/\/agriomac.com.br\/loja\/wp-json\/wp\/v2\/media?parent=94"}],"wp:term":[{"taxonomy":"product_brand","embeddable":true,"href":"https:\/\/agriomac.com.br\/loja\/wp-json\/wp\/v2\/product_brand?post=94"},{"taxonomy":"product_cat","embeddable":true,"href":"https:\/\/agriomac.com.br\/loja\/wp-json\/wp\/v2\/product_cat?post=94"},{"taxonomy":"product_tag","embeddable":true,"href":"https:\/\/agriomac.com.br\/loja\/wp-json\/wp\/v2\/product_tag?post=94"}],"curies":[{"name":"wp","href":"https:\/\/api.w.org\/{rel}","templated":true}]}}