{"id":95,"date":"2021-07-18T08:40:49","date_gmt":"2021-07-18T08:40:49","guid":{"rendered":"https:\/\/demo.athemes.com\/botiga\/?post_type=product&#038;p=95"},"modified":"2025-06-02T23:20:12","modified_gmt":"2025-06-02T23:20:12","slug":"terminal-luva-cw10","status":"publish","type":"product","link":"https:\/\/agriomac.com.br\/loja\/produto\/terminal-luva-cw10\/","title":{"rendered":"TERMINAL LUVA CW10"},"content":{"rendered":"<p data-start=\"2369\" data-end=\"2600\">O Terminal tipo Luva CW10 \u00e9 indicado para transmiss\u00f5es de torque em m\u00e1quinas e implementos agr\u00edcolas. Sua constru\u00e7\u00e3o robusta oferece durabilidade mesmo em ambientes com poeira, impacto e varia\u00e7\u00e3o de carga.<\/p>\n<p data-start=\"2602\" data-end=\"2631\"><strong data-start=\"2602\" data-end=\"2631\">Caracter\u00edsticas t\u00e9cnicas:<\/strong><\/p>\n<ul data-start=\"2633\" data-end=\"2856\">\n<li data-start=\"2633\" data-end=\"2660\">\n<p data-start=\"2635\" data-end=\"2660\"><strong data-start=\"2635\" data-end=\"2644\">Tipo:<\/strong> Terminal luva<\/p>\n<\/li>\n<li data-start=\"2661\" data-end=\"2681\">\n<p data-start=\"2663\" data-end=\"2681\"><strong data-start=\"2663\" data-end=\"2674\">C\u00f3digo:<\/strong> CW10<\/p>\n<\/li>\n<li data-start=\"2682\" data-end=\"2726\">\n<p data-start=\"2684\" data-end=\"2726\"><strong data-start=\"2684\" data-end=\"2697\">Material:<\/strong> A\u00e7o carbono de alta dureza<\/p>\n<\/li>\n<li data-start=\"2727\" data-end=\"2771\">\n<p data-start=\"2729\" data-end=\"2771\"><strong data-start=\"2729\" data-end=\"2744\">Acabamento:<\/strong> Tratamento anticorrosivo<\/p>\n<\/li>\n<li data-start=\"2772\" data-end=\"2856\">\n<p data-start=\"2774\" data-end=\"2856\"><strong data-start=\"2774\" data-end=\"2789\">Aplica\u00e7\u00f5es:<\/strong> Eixos cardan, sistemas de tra\u00e7\u00e3o, tratores e implementos agr\u00edcolas<\/p>\n<\/li>\n<\/ul>\n","protected":false},"excerpt":{"rendered":"<p data-start=\"2262\" data-end=\"2367\">Terminal luva CW10 \u2013 Componente robusto para encaixe em eixos rotativos agr\u00edcolas.<\/p>\n<p data-start=\"2369\" data-end=\"2600\">\n","protected":false},"featured_media":1696,"comment_status":"open","ping_status":"closed","template":"","meta":{"_price":"172.05","_stock":"3","_tribe_ticket_header":"","_tribe_default_ticket_provider":"","_tribe_ticket_capacity":"0","_ticket_start_date":"","_ticket_end_date":"","_tribe_ticket_show_description":"","_tribe_ticket_show_not_going":false,"_tribe_ticket_use_global_stock":"","_tribe_ticket_global_stock_level":"","_global_stock_mode":"","_global_stock_cap":"","_tribe_rsvp_for_event":"","_tribe_ticket_going_count":"","_tribe_ticket_not_going_count":"","_tribe_tickets_list":"[]","_tribe_ticket_has_attendee_info_fields":false,"_EventAllDay":false,"_EventTimezone":"","_EventStartDate":"","_EventEndDate":"","_EventStartDateUTC":"","_EventEndDateUTC":"","_EventShowMap":false,"_EventShowMapLink":false,"_EventURL":"","_EventCost":"","_EventCostDescription":"","_EventCurrencySymbol":"","_EventCurrencyCode":"","_EventCurrencyPosition":"","_EventDateTimeSeparator":"","_EventTimeRangeSeparator":"","_EventOrganizerID":[],"_EventVenueID":[],"_OrganizerEmail":"","_OrganizerPhone":"","_OrganizerWebsite":"","_VenueAddress":"","_VenueCity":"","_VenueCountry":"","_VenueProvince":"","_VenueState":"","_VenueZip":"","_VenuePhone":"","_VenueURL":"","_VenueStateProvince":"","_VenueLat":"","_VenueLng":"","_VenueShowMap":false,"_VenueShowMapLink":false},"product_brand":[],"product_cat":[44],"product_tag":[],"class_list":{"0":"post-95","1":"product","2":"type-product","3":"status-publish","4":"has-post-thumbnail","6":"product_cat-pecasimplementosagricolas","8":"first","9":"instock","10":"shipping-taxable","11":"purchasable","12":"product-type-simple"},"jetpack_sharing_enabled":true,"_links":{"self":[{"href":"https:\/\/agriomac.com.br\/loja\/wp-json\/wp\/v2\/product\/95","targetHints":{"allow":["GET"]}}],"collection":[{"href":"https:\/\/agriomac.com.br\/loja\/wp-json\/wp\/v2\/product"}],"about":[{"href":"https:\/\/agriomac.com.br\/loja\/wp-json\/wp\/v2\/types\/product"}],"replies":[{"embeddable":true,"href":"https:\/\/agriomac.com.br\/loja\/wp-json\/wp\/v2\/comments?post=95"}],"version-history":[{"count":5,"href":"https:\/\/agriomac.com.br\/loja\/wp-json\/wp\/v2\/product\/95\/revisions"}],"predecessor-version":[{"id":1701,"href":"https:\/\/agriomac.com.br\/loja\/wp-json\/wp\/v2\/product\/95\/revisions\/1701"}],"wp:featuredmedia":[{"embeddable":true,"href":"https:\/\/agriomac.com.br\/loja\/wp-json\/wp\/v2\/media\/1696"}],"wp:attachment":[{"href":"https:\/\/agriomac.com.br\/loja\/wp-json\/wp\/v2\/media?parent=95"}],"wp:term":[{"taxonomy":"product_brand","embeddable":true,"href":"https:\/\/agriomac.com.br\/loja\/wp-json\/wp\/v2\/product_brand?post=95"},{"taxonomy":"product_cat","embeddable":true,"href":"https:\/\/agriomac.com.br\/loja\/wp-json\/wp\/v2\/product_cat?post=95"},{"taxonomy":"product_tag","embeddable":true,"href":"https:\/\/agriomac.com.br\/loja\/wp-json\/wp\/v2\/product_tag?post=95"}],"curies":[{"name":"wp","href":"https:\/\/api.w.org\/{rel}","templated":true}]}}